{"id":2,"date":"2016-03-27T12:46:40","date_gmt":"2016-03-27T11:46:40","guid":{"rendered":"http:\/\/www.mihaivasile.com\/ro\/?page_id=2"},"modified":"2017-02-15T11:56:29","modified_gmt":"2017-02-15T10:56:29","slug":"fotojurnalist-editor-foto","status":"publish","type":"page","link":"https:\/\/www.mihaivasile.com\/ro\/fotojurnalist-editor-foto\/","title":{"rendered":"Mihai VASILE"},"content":{"rendered":"<div id=\"img-mihai\"><img decoding=\"async\" src=\"https:\/\/www.mihaivasile.com\/ro\/wp-content\/uploads\/2016\/03\/Mihai-VASILE.jpg\" alt=\"Mihai VASILE\" title=\"Mihai VASILE\" class=\"alignright size-full wp-image-6971\" \/><\/p>\n<div id=\"caption-fratellino\">Copyright foto &#038; sunet: Mihai VASILE<\/p>\n<div id=\"player-mihai\">\n<div class=\"compact_audio_player_wrapper\"><div class=\"sc_player_container1\"><input type=\"button\" id=\"btnplay_69f4df38d79758.41142813\" class=\"myButton_play\" onClick=\"play_mp3('play','69f4df38d79758.41142813','http:\/\/www.mihaivasile.com\/mihai.mp3','80','false');show_hide('play','69f4df38d79758.41142813');\" \/><input type=\"button\"  id=\"btnstop_69f4df38d79758.41142813\" style=\"display:none\" class=\"myButton_stop\" onClick=\"play_mp3('stop','69f4df38d79758.41142813','','80','false');show_hide('stop','69f4df38d79758.41142813');\" \/><div id=\"sm2-container\"><!-- flash movie ends up here --><\/div><\/div><\/div><script type=\"text\/javascript\" charset=\"utf-8\">\nsoundManager.setup({\n\turl: 'https:\/\/www.mihaivasile.com\/ro\/wp-content\/plugins\/compact-wp-audio-player\/swf\/soundmanager2.swf',\n\tonready: function() {\n\t\tvar mySound = soundManager.createSound({\n\t\tid: 'btnplay_69f4df38d79758.41142813',\n\t\tvolume: '80',\n\t\turl: 'http:\/\/www.mihaivasile.com\/mihai.mp3'\n\t\t});\n\t\tvar auto_loop = 'false';\n\t\tmySound.play({\n    \t\tonfinish: function() {\n\t\t\t\tif(auto_loop == 'true'){\n\t\t\t\t\tloopSound('btnplay_69f4df38d79758.41142813');\n\t\t\t\t}\n\t\t\t\telse{\n\t\t\t\t\tdocument.getElementById('btnplay_69f4df38d79758.41142813').style.display = 'inline';\n\t\t\t\t\tdocument.getElementById('btnstop_69f4df38d79758.41142813').style.display = 'none';\n\t\t\t\t}\n    \t\t}\n\t\t});\n\t\tdocument.getElementById('btnplay_69f4df38d79758.41142813').style.display = 'none';\n                document.getElementById('btnstop_69f4df38d79758.41142813').style.display = 'inline';\n\t},\n\tontimeout: function() {\n\t\t\/\/ SM2 could not start. Missing SWF? Flash blocked? Show an error.\n\t\talert('Error! Audio player failed to load.');\n\t}\n});\n<\/script><\/div>\n<\/div>\n<\/div>\n<div id=\"home-mihai\">\n<h2 class=\"h2-home\">Fotojurnalist \u015fi Editor foto<\/h2>\n<p>Fotojurnalist freelancer, editor foto \u015fi co-fondator al <a href=\"http:\/\/crji.org\/\" target=\"_blank\">Centrului pentru Jurnalism de Investiga\u0163ie<\/a>, Mihai VASILE a lucrat ca fotoreporter din 1991, a dirijat \u015fi organizat departamentele foto la &#34;Curierul Na\u0163ional&#34;, &#34;Jurnalul Na\u0163ional&#34;, &#34;Evenimentul Zilei&#34;, &#34;Cotidianul&#34; \u015fi &#34;Mediafax Foto&#34;, \u00een calitate de editor-\u015fef.<\/p>\n<p>A colaborat cu publica\u0163ii rom\u00e2ne\u015fti \u015fi cu agen\u0163ii de pres\u0103 interna\u0163ionale ca &#34;Reuters&#34;, &#34;Associated Press&#34; \u015fi &#34;EPA&#34;, fotografiile sale fiind publicate \u00een &#34;The Washington Post&#34;, &#34;The Telegraph&#34;, &#34;The Guardian&#34;, &#34;Daily Mail&#34;, &#34;Der Spiegel&#34;, &#34;Corriere della Sera&#34;, &#34;Vanity Fair&#34; Italia, &#34;Noticias24&#34;, &#34;Russian Press Photo&#34;.<\/p>\n<p>\u00cen perioada 2000-2014, a colaborat, \u00een calitate de fotojurnalist freelancer, pentru <a href=\"https:\/\/www.mihaivasile.com\/ro\/works-for-vier-pfoten-mihai-vasile\/\">&#34;Four Paws Animal Welfare Foundation&#34;<\/a>.<\/p>\n<p>\u00cen 1996, i s-a decernat premiul &#34;Fotografia anului&#34; la sec\u0163iunea &#34;Politic&#34;, conferit de Funda\u0163ia Cultural\u0103 Rom\u00e2n\u0103.<\/p>\n<p>\u00cen noiembrie 2014, i s-a decernat premiul, locul 2, &#34;PR-Bild Award&#34; 2014.<\/p>\n<p>De-a lungul carierei sale, Mihai a intuit \u015fi cultivat talente, a instruit zeci de fotojurnali\u015fti rom\u00e2ni, \u00eencuraj\u00e2ndu-i \u015fi sf\u0103tuindu-i \u00een privin\u0163a abord\u0103rii jurnalistice a subiectelor, mul\u0163i dintre cei forma\u0163i devenind ulterior colaboratori ai unor publica\u0163ii sau agen\u0163ii interna\u0163ionale prestigioase.<\/p>\n<p>Mihai a editat multiple retrospective fotografice \u015fi expozi\u0163ii stradale (HD), expuse \u00een exteriorul Muzeului Na\u0163ional de Art\u0103 din Bucure\u015fti, pentru a \u00eenc\u00e2nta ochiul trec\u0103torilor, publicului larg, pentru a cultiva \u015fi promova fotografia de pres\u0103.   <\/p>\n<p>Mihai a urmat cursurile Liceului de Cinematografie \u015fi ale Universit\u0103\u0163ii Politehnice din Bucure\u015fti.\n<\/p><\/div>\n","protected":false},"excerpt":{"rendered":"<p>Copyright foto &#038; sunet: Mihai VASILE Fotojurnalist \u015fi Editor foto Fotojurnalist freelancer, editor foto \u015fi co-fondator al Centrului pentru Jurnalism de Investiga\u0163ie, Mihai VASILE a lucrat ca fotoreporter din 1991, a dirijat \u015fi organizat departamentele foto la &#34;Curierul Na\u0163ional&#34;, &#34;Jurnalul Na\u0163ional&#34;, &#34;Evenimentul Zilei&#34;, &#34;Cotidianul&#34; \u015fi &#34;Mediafax Foto&#34;, \u00een calitate de editor-\u015fef. A colaborat cu publica\u0163ii rom\u00e2ne\u015fti \u015fi cu agen\u0163ii de pres\u0103 interna\u0163ionale ca &#34;Reuters&#34;, &#34;Associated Press&#34; \u015fi &#34;EPA&#34;, fotografiile sale fiind publicate \u00een &#34;The Washington Post&#34;, &#34;The Telegraph&#34;, &#34;The Guardian&#34;, [&hellip;]<\/p>\n","protected":false},"author":1,"featured_media":0,"parent":0,"menu_order":0,"comment_status":"closed","ping_status":"open","template":"","meta":{"footnotes":""},"aioseo_notices":[],"_links":{"self":[{"href":"https:\/\/www.mihaivasile.com\/ro\/wp-json\/wp\/v2\/pages\/2"}],"collection":[{"href":"https:\/\/www.mihaivasile.com\/ro\/wp-json\/wp\/v2\/pages"}],"about":[{"href":"https:\/\/www.mihaivasile.com\/ro\/wp-json\/wp\/v2\/types\/page"}],"author":[{"embeddable":true,"href":"https:\/\/www.mihaivasile.com\/ro\/wp-json\/wp\/v2\/users\/1"}],"replies":[{"embeddable":true,"href":"https:\/\/www.mihaivasile.com\/ro\/wp-json\/wp\/v2\/comments?post=2"}],"version-history":[{"count":29,"href":"https:\/\/www.mihaivasile.com\/ro\/wp-json\/wp\/v2\/pages\/2\/revisions"}],"predecessor-version":[{"id":821,"href":"https:\/\/www.mihaivasile.com\/ro\/wp-json\/wp\/v2\/pages\/2\/revisions\/821"}],"wp:attachment":[{"href":"https:\/\/www.mihaivasile.com\/ro\/wp-json\/wp\/v2\/media?parent=2"}],"curies":[{"name":"wp","href":"https:\/\/api.w.org\/{rel}","templated":true}]}}