{"id":36,"date":"2016-03-27T13:56:47","date_gmt":"2016-03-27T12:56:47","guid":{"rendered":"http:\/\/www.mihaivasile.com\/ro\/?page_id=36"},"modified":"2016-04-03T07:40:23","modified_gmt":"2016-04-03T06:40:23","slug":"contact","status":"publish","type":"page","link":"https:\/\/www.mihaivasile.com\/ro\/contact\/","title":{"rendered":"Contact"},"content":{"rendered":"<p>Pentru orice informa\u0163ie despre fotojurnalistul Mihai VASILE, v\u0103 rug\u0103m s\u0103 completa\u0163i formularul de mai jos:<\/p>\n","protected":false},"excerpt":{"rendered":"<p>Pentru orice informa\u0163ie despre fotojurnalistul Mihai VASILE, v\u0103 rug\u0103m s\u0103 completa\u0163i formularul de mai jos:<\/p>\n","protected":false},"author":1,"featured_media":0,"parent":0,"menu_order":8,"comment_status":"closed","ping_status":"closed","template":"template-contact.php","meta":{"footnotes":""},"aioseo_notices":[],"_links":{"self":[{"href":"https:\/\/www.mihaivasile.com\/ro\/wp-json\/wp\/v2\/pages\/36"}],"collection":[{"href":"https:\/\/www.mihaivasile.com\/ro\/wp-json\/wp\/v2\/pages"}],"about":[{"href":"https:\/\/www.mihaivasile.com\/ro\/wp-json\/wp\/v2\/types\/page"}],"author":[{"embeddable":true,"href":"https:\/\/www.mihaivasile.com\/ro\/wp-json\/wp\/v2\/users\/1"}],"replies":[{"embeddable":true,"href":"https:\/\/www.mihaivasile.com\/ro\/wp-json\/wp\/v2\/comments?post=36"}],"version-history":[{"count":2,"href":"https:\/\/www.mihaivasile.com\/ro\/wp-json\/wp\/v2\/pages\/36\/revisions"}],"predecessor-version":[{"id":40,"href":"https:\/\/www.mihaivasile.com\/ro\/wp-json\/wp\/v2\/pages\/36\/revisions\/40"}],"wp:attachment":[{"href":"https:\/\/www.mihaivasile.com\/ro\/wp-json\/wp\/v2\/media?parent=36"}],"curies":[{"name":"wp","href":"https:\/\/api.w.org\/{rel}","templated":true}]}}